{"id":431,"date":"2018-10-12T13:44:38","date_gmt":"2018-10-12T04:44:38","guid":{"rendered":"http:\/\/espace-personnels.lfitokyo.org\/?page_id=431"},"modified":"2021-12-13T14:59:48","modified_gmt":"2021-12-13T05:59:48","slug":"services-consulaires","status":"publish","type":"page","link":"https:\/\/espace-personnels.lfitokyo.org\/index.php\/vie-au-japon\/services-consulaires\/","title":{"rendered":"Services consulaires"},"content":{"rendered":"<blockquote>\n<p style=\"text-align: justify;\">Retrouvez ici tous les liens concernant les services aux fran\u00e7ais reli\u00e9s \u00e0 l&rsquo;ambassade de France au Japon : mariage, naissance, d\u00e9c\u00e8s, renouvellement de passeport etc.<\/p>\n<\/blockquote>\n<h6 style=\"text-align: justify;\">Inscription consulaire<\/h6>\n<p style=\"text-align: justify;\">A votre arriv\u00e9e au Japon, sachez qu&rsquo;il est imp\u00e9ratif pour des raisons de s\u00e9curit\u00e9 de vous inscrire aupr\u00e8s du consulat de Tokyo ou de Kyoto.<\/p>\n<ul style=\"text-align: justify;\">\n<li><a href=\"https:\/\/jp.ambafrance.org\/-Inscription-consulaire-\">Informations sur l&rsquo;inscription consulaire lors de votre arriv\u00e9e au Japon.<\/a><\/li>\n<li><a href=\"https:\/\/jp.ambafrance.org\/-Formalites-de-depart-du-Japon-1646-\">Formalit\u00e9s \u00e0 remplir en cas de d\u00e9part du Japon.<\/a><\/li>\n<\/ul>\n<h6 style=\"text-align: justify;\">Le r\u00f4le du Consul honoraire<\/h6>\n<p style=\"text-align: justify;\"><span class=\"s1\">Les Consuls honoraires sont une part essentielle de la pr\u00e9sence fran\u00e7aise au Japon. Ils participent pleinement \u00e0 l\u2019action \u00e9conomique et culturelle de la France au Japon et plus g\u00e9n\u00e9ralement \u00e0 son rayonnement. Ils ont \u00e0 ce titre une mission importante de repr\u00e9sentation.<br \/>\nIls sont aussi charg\u00e9s d\u2019assurer la protection des ressortissants fran\u00e7ais et de leurs int\u00e9r\u00eats en application de l\u2019article 11 du d\u00e9cret du 16 juin 1976, en relation et sous le contr\u00f4le du Chef de circonscription consulaire.<\/span><\/p>\n<ul style=\"text-align: justify;\">\n<li><a href=\"https:\/\/jp.ambafrance.org\/Consuls-honoraires-dans-la\">Liste des consuls honoraires sur le territoire japonais<\/a><\/li>\n<\/ul>\n<h6 style=\"text-align: justify;\">Formalit\u00e9s administratives et \u00e9tats civils<\/h6>\n<ul style=\"text-align: justify;\">\n<li><a href=\"https:\/\/jp.ambafrance.org\/-Mariage-et-PACS-\">Mariage<\/a><\/li>\n<li><a href=\"https:\/\/jp.ambafrance.org\/-Divorce-\">Divorce<\/a><\/li>\n<li><a href=\"https:\/\/jp.ambafrance.org\/Naissance-d-un-enfant-francais-au-Japon\">Naissance<\/a><\/li>\n<li><a href=\"https:\/\/jp.ambafrance.org\/-Nationalite-et-Etat-Civil-\">D\u00e9c\u00e8s<\/a><\/li>\n<li><a href=\"https:\/\/jp.ambafrance.org\/-Passeports-CNI-Permis-de-conduire-\">Renouvellement de papiers administratifs<\/a>\u00a0(passeport &#8211; CNI &#8211; permis de conduire)<\/li>\n<\/ul>\n<p style=\"text-align: justify;\">Action sociale \/ Bourses scolaire<\/p>\n<ul style=\"text-align: justify;\">\n<li><a href=\"https:\/\/jp.ambafrance.org\/-Aides-sociales-1810-\">Aide sociale<\/a><\/li>\n<li>Bourses scolaires : <a href=\"http:\/\/www.lfitokyo.org\/index.php\/inscriptions\/bourses-scolaires\">LFI Tokyo<\/a> &#8211; <a href=\"https:\/\/jp.ambafrance.org\/-Bourses-scolaires-1809-\">Consulat<\/a><\/li>\n<\/ul>\n<p style=\"text-align: justify;\">\n","protected":false},"excerpt":{"rendered":"<p>Retrouvez ici tous les liens concernant les services aux fran\u00e7ais reli\u00e9s \u00e0 l&rsquo;ambassade de France au Japon : mariage, naissance, d\u00e9c\u00e8s, renouvellement de passeport etc. Inscription consulaire A votre arriv\u00e9e au Japon, sachez qu&rsquo;il est imp\u00e9ratif pour des raisons de s\u00e9curit\u00e9 de vous inscrire aupr\u00e8s du consulat de Tokyo ou [&hellip;]<\/p>\n","protected":false},"author":3,"featured_media":432,"parent":52,"menu_order":0,"comment_status":"closed","ping_status":"closed","template":"","meta":{"footnotes":""},"class_list":["post-431","page","type-page","status-publish","has-post-thumbnail","hentry"],"_links":{"self":[{"href":"https:\/\/espace-personnels.lfitokyo.org\/index.php\/wp-json\/wp\/v2\/pages\/431","targetHints":{"allow":["GET"]}}],"collection":[{"href":"https:\/\/espace-personnels.lfitokyo.org\/index.php\/wp-json\/wp\/v2\/pages"}],"about":[{"href":"https:\/\/espace-personnels.lfitokyo.org\/index.php\/wp-json\/wp\/v2\/types\/page"}],"author":[{"embeddable":true,"href":"https:\/\/espace-personnels.lfitokyo.org\/index.php\/wp-json\/wp\/v2\/users\/3"}],"replies":[{"embeddable":true,"href":"https:\/\/espace-personnels.lfitokyo.org\/index.php\/wp-json\/wp\/v2\/comments?post=431"}],"version-history":[{"count":5,"href":"https:\/\/espace-personnels.lfitokyo.org\/index.php\/wp-json\/wp\/v2\/pages\/431\/revisions"}],"predecessor-version":[{"id":3276,"href":"https:\/\/espace-personnels.lfitokyo.org\/index.php\/wp-json\/wp\/v2\/pages\/431\/revisions\/3276"}],"up":[{"embeddable":true,"href":"https:\/\/espace-personnels.lfitokyo.org\/index.php\/wp-json\/wp\/v2\/pages\/52"}],"wp:featuredmedia":[{"embeddable":true,"href":"https:\/\/espace-personnels.lfitokyo.org\/index.php\/wp-json\/wp\/v2\/media\/432"}],"wp:attachment":[{"href":"https:\/\/espace-personnels.lfitokyo.org\/index.php\/wp-json\/wp\/v2\/media?parent=431"}],"curies":[{"name":"wp","href":"https:\/\/api.w.org\/{rel}","templated":true}]}}